{"id":1397,"date":"2025-03-27T12:59:28","date_gmt":"2025-03-27T11:59:28","guid":{"rendered":"https:\/\/www.davidoriol.com\/avis-legal\/"},"modified":"2025-12-02T10:24:54","modified_gmt":"2025-12-02T09:24:54","slug":"aviso-legal","status":"publish","type":"page","link":"https:\/\/www.davidoriol.com\/es\/aviso-legal\/","title":{"rendered":"Aviso legal"},"content":{"rendered":"\t\t<div data-elementor-type=\"wp-page\" data-elementor-id=\"1397\" class=\"elementor elementor-1397 elementor-215\" data-elementor-post-type=\"page\">\n\t\t\t\t<div class=\"elementor-element elementor-element-65346c3 e-flex e-con-boxed e-con e-parent\" data-id=\"65346c3\" data-element_type=\"container\" data-settings=\"{&quot;background_background&quot;:&quot;classic&quot;}\">\n\t\t\t\t\t<div class=\"e-con-inner\">\n\t\t\t\t<div class=\"elementor-element elementor-element-1366c06 elementor-widget elementor-widget-heading\" data-id=\"1366c06\" data-element_type=\"widget\" data-widget_type=\"heading.default\">\n\t\t\t\t<div class=\"elementor-widget-container\">\n\t\t\t\t\t<h1 class=\"elementor-heading-title elementor-size-default\">Aviso legal<\/h1>\t\t\t\t<\/div>\n\t\t\t\t<\/div>\n\t\t\t\t\t<\/div>\n\t\t\t\t<\/div>\n\t\t<div class=\"elementor-element elementor-element-09259b4 e-flex e-con-boxed e-con e-parent\" data-id=\"09259b4\" data-element_type=\"container\">\n\t\t\t\t\t<div class=\"e-con-inner\">\n\t\t\t\t<div class=\"elementor-element elementor-element-fe65736 elementor-widget elementor-widget-text-editor\" data-id=\"fe65736\" data-element_type=\"widget\" data-widget_type=\"text-editor.default\">\n\t\t\t\t<div class=\"elementor-widget-container\">\n\t\t\t\t\t\t\t\t\t<div class=\"row\"><div class=\"col col-xl-10 mx-auto\"><div class=\"paper\"><header class=\"text-center\"><h4>I. INFORMACI\u00d3N GENERAL<\/h4><\/header><div><p>En cumplimiento con el deber de informaci\u00f3n dispuesto en la Ley 34\/2002 de Servicios de la Sociedad de la Informaci\u00f3n y el E-commerce (LSSI-CE) de 11 de julio, se facilitan a continuaci\u00f3n los siguientes datos de informaci\u00f3n general de este sitio web:<\/p><p>La titularidad de este sitio web, <span class=\"blanc-space ng-binding\">https:\/\/www.davidoriol.com\/<\/span>, (de ahora en adelante, Sitio web) lo ostenta: <span class=\"blanc-space ng-binding\">DAVID ANGEL ORIOL CASTELLO<\/span>, con NIF: <span class=\"blanc-space ng-binding\">47691449Y<\/span>, y los datos de contacto del cual son:<\/p><p class=\"ng-hide\">La titularidad de este sitio web, <span class=\"blanc-space ng-binding\">https:\/\/www.davidoriol.com\/<\/span>, (de ahora en adelante, Sitio web) lo ostenta: , prove\u00edda de NIF: e inscrita en: con los siguientes datos registrales: , el representante del cual es: , y los datos de contacto del cual son:<\/p><p>Direcci\u00f3n: <span class=\"blanc-space ng-binding\">C\/ Doctora Castells 11. 4.\u00ba 2.\u00aa 25001 Lleida<\/span><\/p><p>Tel\u00e9fono de contacto: <span class=\"blanc-space ng-binding\">633 84 97 02<\/span><\/p><p class=\"ng-hide\">Fax:<\/p><p>Email de contacto: <span class=\"blanc-space ng-binding\">davidoriol@copc.cat<\/span><\/p><h3>II. TERMAS Y CONDICIONES GENERALES De USO<\/h3><h4>El objeto de las condiciones: El Sitio web<\/h4><p>El objeto de las presentes Condiciones Generales de Uso (de ahora en adelante, Condiciones) es regular el acceso y la utilizaci\u00f3n del Sitio web. A efectos de las presentes Condiciones se entender\u00e1 como Sitio web: la apariencia externa de las interfaces de pantalla, tanto de manera est\u00e1tica como de manera din\u00e1mica, es decir, el \u00e1rbol de navegaci\u00f3n; y todos los elementos integrados tanto en las interfaces de pantalla como en el \u00e1rbol de navegaci\u00f3n (de ahora en adelante, Contenidos) y todos aquellos servicios o recursos en l\u00ednea que en su caso ofrezca a los Usuarios (de ahora en adelante, Servicios).<\/p><p><span class=\"blanc-space ng-binding\">David Oriol. Psic\u00f3logo &#8211; Coach<\/span> se reserva la facultad de modificar, en cualquier momento, y sin aviso previo, la presentaci\u00f3n y configuraci\u00f3n del Sitio web y de los Contenidos y Servicios que en \u00e9l pudieran estar incorporados. El Usuario reconoce y acepta que en cualquier momento <span class=\"blanc-space ng-binding\">David Oriol. Psic\u00f3logo &#8211; Coach<\/span> pueda interrumpir, desactivar y\/o cancelar cualquier de estos elementos que se integran en el Sitio web o el acceso a estos.<\/p><p>El acceso al Sitio web por el Usuario tiene car\u00e1cter libre y, por regla general, es gratuito sin que el Usuario tenga que proporcionar una contraprestaci\u00f3n para poder disfrutar de esto, excepto en el relativo al coste de conexi\u00f3n a trav\u00e9s de la red de telecomunicaciones suministrada por el proveedor de acceso que hubiera contratado el Usuario.<\/p><p class=\"ng-hide\">Aparte del coste de conexi\u00f3n a trav\u00e9s de la red de telecomunicaciones suministrada por el proveedor de acceso, y que hubiera contratado el Usuario, algunos de los Contenidos o Servicios ofrecidos por <span class=\"blanc-space ng-binding\">David Oriol. Psic\u00f3logo &#8211; Coach<\/span> o, en su caso, terceros a trav\u00e9s del Sitio web pueden encontrarse sujetes a la contrataci\u00f3n previa del Contenido o Servicio, y en este caso se especificar\u00e1 de manera clara y\/o se pondr\u00e1 a disposici\u00f3n del Usuario las correspondientes Condiciones Generales o Particulares por las cuales esto se rija.<\/p><p>La utilizaci\u00f3n de alguno de los Contenidos o Servicios del Sitio web podr\u00e1 hacerse mediante la suscripci\u00f3n o registro previo del Usuario.<\/p><p class=\"ng-hide\">La utilizaci\u00f3n de los Contenidos no requiere previa suscripci\u00f3n o ning\u00fan registro.<\/p><h4>El Usuario<\/h4><p>El acceso, la navegaci\u00f3n y uso del Sitio web, as\u00ed como por los espacios habilitados para interactuar entre los Usuarios, y el Usuario y <span class=\"blanc-space ng-binding\">David Oriol. Psic\u00f3logo &#8211; Coach<\/span>, como los comentarios y\/o espacios de blogging, confiere la condici\u00f3n de Usuario, por lo cual se aceptan, desde que se inicia la navegaci\u00f3n por el Sitio web, todas las Condiciones aqu\u00ed establecidas, as\u00ed como sus ulteriores modificaciones, sin perjuicio de la aplicaci\u00f3n de la correspondiente normativa legal de obligado cumplimiento seg\u00fan el caso. Dada la relevancia del anterior, se recomienda al Usuario leerlas cada vez que visite el Sitio web.<\/p><p>El Sitio web de <span class=\"blanc-space ng-binding\">David Oriol. Psic\u00f3logo &#8211; Coach<\/span> proporciona gran diversidad de informaci\u00f3n, servicios y datos. El Usuario asume su responsabilidad para realizar un uso correcto del Sitio web. Esta responsabilidad se extender\u00e1 a:<\/p><ul><li>Un uso de la informaci\u00f3n, Contenidos y\/o Servicios y datos ofrecidos por <span class=\"blanc-space ng-binding\">David Oriol. Psic\u00f3logo &#8211; Coach<\/span> sin que sea contrario al que se dispone por las presentes Condiciones, la Ley, la moral o el orden p\u00fablico, o que de cualquier otro modo puedan suponer lesi\u00f3n de los derechos de terceros o del mismo funcionamiento del Sitio web.<\/li><li>La veracidad y licitud de las informaciones aportadas por el Usuario en los formularios extendidos por <span class=\"blanc-space ng-binding\">David Oriol. Psic\u00f3logo &#8211; Coach<\/span> para el acceso a ciertos Contenidos o Servicios ofrecidos por el Sitio web. En todo caso, el Usuario notificar\u00e1 de manera inmediata a <span class=\"blanc-space ng-binding\">David Oriol. Psic\u00f3logo &#8211; Coach<\/span> sobre cualquier hecho que permita el uso indebido de la informaci\u00f3n registrada en estos formularios, como por ejemplo, pero no solo, el robo, extrav\u00edo, o el acceso no autorizado a identificadores y\/o contrase\u00f1as, con el fin de proceder a su inmediata cancelaci\u00f3n.<\/li><\/ul><p><span class=\"blanc-space ng-binding\">David Oriol. Psic\u00f3logo &#8211; Coach<\/span> se reserva el derecho de retirar todos aquellos comentarios y aportaciones que vulneren la ley, el respecto a la dignidad de la persona, que sean discriminatorios, xen\u00f3fobos, racistas, pornogr\u00e1ficos, spamming, que atenten contra la juventud o la infancia, la orden o la seguridad p\u00fablica o que, a su juicio, no resultaran adecuados para su publicaci\u00f3n.<\/p><p>En cualquier caso, <span class=\"blanc-space ng-binding\">David Oriol. Psic\u00f3logo &#8211; Coach<\/span> no ser\u00e1 responsable de las opiniones abocadas por los Usuarios a trav\u00e9s de comentarios u otras herramientas de blogging o de participaci\u00f3n que pueda haber.<\/p><p>El mero acceso a este Sitio web no supone entablar ning\u00fan tipo de relaci\u00f3n de car\u00e1cter comercial entre <span class=\"blanc-space ng-binding\">David Oriol. Psic\u00f3logo &#8211; Coach<\/span> y el Usuario.<\/p><p>El Usuario declara ser mayor de edad y disponer de la capacidad jur\u00eddica suficiente para vincularse por las presentes Condiciones. Por lo tanto, este Sitio web de <span class=\"blanc-space ng-binding\">David Oriol. Psic\u00f3logo &#8211; Coach<\/span> no se dirige a menores de edad. <span class=\"blanc-space ng-binding\">David Oriol. Psic\u00f3logo &#8211; Coach<\/span> declina cualquier responsabilidad por el incumplimiento de este requisito.<\/p><p class=\"ng-hide\">Siempre en el respecto de la legislaci\u00f3n vigente, este Sitio web de <span class=\"blanc-space ng-binding\">David Oriol. Psic\u00f3logo &#8211; Coach<\/span> se dirige a todas las personas, sin importar su edad, que puedan acceder y\/o navegar por las p\u00e1ginas del Sitio web.<\/p><p>El Sitio web est\u00e1 dirigido principalmente a Usuarios residentes en . <span class=\"blanc-space ng-binding\">David Oriol. Psic\u00f3logo &#8211; Coach<\/span> no asegura que el Sitio web cumpla con legislaciones otros pa\u00edses, ya sea total o parcialmente. Si el Usuario reside o tiene su domiciliado en otro lugar y decide acceder y\/o navegar en el Sitio web lo har\u00e1 bajo su propia responsabilidad, tendr\u00e1 que asegurarse que tal acceso y navegaci\u00f3n cumple con la legislaci\u00f3n local que le es aplicable, no asumiendo <span class=\"blanc-space ng-binding\">David Oriol. Psic\u00f3logo &#8211; Coach<\/span> ninguna responsabilidad que se pueda derivar de este acceso.<\/p><h3>III. ACCESO Y NAVEGACI\u00d3N EN EL SITIO WEB: EXCLUSI\u00d3N DE GARANT\u00cdAS Y RESPONSABILIDAD<\/h3><p><span class=\"blanc-space ng-binding\">David Oriol. Psic\u00f3logo &#8211; Coach<\/span> no garantiza la continuidad, disponibilidad y utilidad del Sitio web, ni de los Contenidos o Servicios. <span class=\"blanc-space ng-binding\">David Oriol. Psic\u00f3logo &#8211; Coach<\/span> har\u00e1 todo el posible por el buen funcionamiento del Sitio web, sin embargo, no se responsabiliza ni garantiza que el acceso a este Sitio web no vaya a ser ininterrumpido o que est\u00e9 libre de error.<\/p><p>Tampoco se responsabiliza o garantiza que el contenido o software al cual pueda accederse a trav\u00e9s de este Sitio web, est\u00e9 libre de error o cause un mal al sistema inform\u00e1tico (software y hardware) del Usuario. En ning\u00fan caso <span class=\"blanc-space ng-binding\">David Oriol. Psic\u00f3logo &#8211; Coach<\/span> ser\u00e1 responsable por las p\u00e9rdidas, da\u00f1os o perjuicios de cualquier tipo que surjan por el acceso, navegaci\u00f3n y el uso del Sitio web, incluy\u00e9ndose, pero no limit\u00e1ndose, en los ocasionados a los sistemas inform\u00e1ticos o los provocados por la introducci\u00f3n de virus.<\/p><p><span class=\"blanc-space ng-binding\">David Oriol. Psic\u00f3logo &#8211; Coach<\/span> tampoco se hace responsable de los da\u00f1os que pudieran ocasionarse a los usuarios por un uso inadecuado de este Sitio web. En particular, no se hace responsable de ninguna forma de las ca\u00eddas, interrupciones, falta o defecto de las telecomunicaciones que pudieran ocurrir.<\/p><h3>IV. POL\u00cdTICA De ENLACES<\/h3><p>Se informa que el Sitio web de <span class=\"blanc-space ng-binding\">David Oriol. Psic\u00f3logo &#8211; Coach<\/span> pose o puede poner a disposici\u00f3n de los Usuarios medios de enlace (como, entre otros, links, banners, botones), directorios y motores de b\u00fasqueda que permiten a los Usuarios acceder a sitios web pertenecientes y\/o gestionados por terceros.<\/p><p>La instalaci\u00f3n de estos enlaces, directorios y motores de b\u00fasqueda en el Sitio web tiene por objeto facilitar a los Usuarios la b\u00fasqueda de y acceso a la informaci\u00f3n disponible en Internet, sin que pueda considerarse una sugerencia, recomendaci\u00f3n o invitaci\u00f3n para la visita de estos.<\/p><p><span class=\"blanc-space ng-binding\">David Oriol. Psic\u00f3logo &#8211; Coach<\/span> no ofrece ni comercializa por s\u00ed ni por medio de terceros los productos y\/o servicios disponibles en estos lugares enlazados.<\/p><p class=\"ng-hide\"><span class=\"blanc-space ng-binding\">David Oriol. Psic\u00f3logo &#8211; Coach<\/span> ofrece contenidos patrocinados, anuncios y\/o enlaces de afiliados. La informaci\u00f3n que aparece en estos enlaces de afiliados o los anuncios insertos, son facilidades por los propios anunciantes, por lo cual <span class=\"blanc-space ng-binding\">David Oriol. Psic\u00f3logo &#8211; Coach<\/span> no se hace responsable de posibles inexactitudes o errores que pudieran contener los anuncios, ni garantiza de ninguna forma la experiencia, integridad o responsabilidad de los anunciantes o la calidad de sus productos y\/o servicios.<\/p><p>As\u00ed mismo, tampoco garantizar\u00e1 la disponibilidad t\u00e9cnica, exactitud, veracidad, validez o legalidad de lugares ajenos a su propiedad a los cuales se pueda acceder por medio de los enlaces.<\/p><p><span class=\"blanc-space ng-binding\">David Oriol. Psic\u00f3logo &#8211; Coach<\/span> en ning\u00fan caso revisar\u00e1 o controlar\u00e1 el contenido otros sitios web, as\u00ed como tampoco aprueba, examina ni hace propios los productos y servicios, contenidos, archivos y cualquier otro material existente en los referidos lugares enlazados.<\/p><p><span class=\"blanc-space ng-binding\">David Oriol. Psic\u00f3logo &#8211; Coach<\/span> no asume ninguna responsabilidad por los da\u00f1os y perjuicios que pudieran producirse por el acceso, uso, calidad o licitud de los contenidos, comunicaciones, opiniones, productos y servicios de los sitios web no gestionados por <span class=\"blanc-space ng-binding\">David Oriol. Psic\u00f3logo &#8211; Coach<\/span> y que sean enlazados en este Sitio web.<\/p><p>El Usuario o tercero que realice un enlace desde una p\u00e1gina web de otro, distinto, sitio web al Sitio web de <span class=\"blanc-space ng-binding\">David Oriol. Psic\u00f3logo &#8211; Coach<\/span> tendr\u00e1 que saber que:<\/p><p>No se permite la reproducci\u00f3n \u2014total o parcialmente\u2014 de ninguno de los Contenidos y\/o Servicios del Sitio web sin autorizaci\u00f3n expr\u00e9s de <span class=\"blanc-space ng-binding\">David Oriol. Psic\u00f3logo &#8211; Coach<\/span>.<\/p><p>No se permite tampoco ninguna manifestaci\u00f3n falsa, inexacta o incorrecta sobre el Sitio web de <span class=\"blanc-space ng-binding\">David Oriol. Psic\u00f3logo &#8211; Coach<\/span>, ni sobre los Contenidos y\/o Servicios de este.<\/p><p>A excepci\u00f3n del enlace, el sitio web en el cual se establezca este enlace no contendr\u00e1 ning\u00fan elemento, de este Sitio web, protegido como propiedad intelectual por el ordenamiento jur\u00eddico espa\u00f1ol, excepto autorizaci\u00f3n expr\u00e9s de <span class=\"blanc-space ng-binding\">David Oriol. Psic\u00f3logo &#8211; Coach<\/span>.<\/p><p>El establecimiento del enlace no implicar\u00e1 la existencia de relaciones entre <span class=\"blanc-space ng-binding\">David Oriol. Psic\u00f3logo &#8211; Coach<\/span> y el titular del sitio web desde el cual se realice, ni el conocimiento y aceptaci\u00f3n de <span class=\"blanc-space ng-binding\">David Oriol. Psic\u00f3logo &#8211; Coach<\/span> de los contenidos, servicios y\/o actividades ofrecidas en este sitio web, y viceversa.<\/p><h3>V. PROPIEDAD INTELECTUAL E INDUSTRIAL<\/h3><p><span class=\"blanc-space ng-binding\">David Oriol. Psic\u00f3logo &#8211; Coach<\/span> por s\u00ed o como parte cesionaria, es titular de todos los derechos de propiedad intelectual e industrial del Sitio web, as\u00ed como de los elementos contenidos en el mismo (a t\u00edtulo enunciativo y no exhaustivo, im\u00e1genes, sonido, audio, video, software o textos, marcas o logotipos, combinaciones de colores, estructura y dise\u00f1o, selecci\u00f3n de materiales usados, programas de ordenador necesarios para su funcionamiento, acceso y uso, etc.). Ser\u00e1n, por consiguiente, obras protegidas como propiedad intelectual por el ordenamiento jur\u00eddico espa\u00f1ol, si\u00e9ndolos aplicables tanto la normativa espa\u00f1ola y comunitaria en este campo, como los tratados internacionales relativos a la materia y subscritos por Espa\u00f1a.<\/p><p>Todos los derechos reservados. En virtud del que se dispone en la Ley de Propiedad Intelectual, quedan expresamente prohibidas la reproducci\u00f3n, la distribuci\u00f3n y la comunicaci\u00f3n p\u00fablica, incluida su modalidad de puesta a disposici\u00f3n, de la totalidad o parte de los contenidos de esta p\u00e1gina web, con fines comerciales, en cualquier apoyo y por cualquier medio t\u00e9cnico, sin la autorizaci\u00f3n de <span class=\"blanc-space ng-binding\">David Oriol. Psic\u00f3logo &#8211; Coach<\/span>.<\/p><p>El Usuario se compromete a respetar los derechos de propiedad intelectual e industrial de <span class=\"blanc-space ng-binding\">David Oriol. Psic\u00f3logo &#8211; Coach<\/span>. Podr\u00e1 visualizar los elementos del Sitio web o incluso imprimirlos, copiarlos y almacenarlos en el disco duro de su ordenador o en cualquier otro apoyo f\u00edsico siempre que sea, exclusivamente, para su uso personal. El Usuario, sin embargo, no podr\u00e1 suprimir, alterar, o manipular cualquier dispositivo de protecci\u00f3n o sistema de seguridad que estuviera instalado en el Sitio web.<\/p><p>En caso de que el Usuario o tercero considere que cualquiera de los Contenidos del Sitio web suponga una violaci\u00f3n de los derechos de protecci\u00f3n de la propiedad intelectual, tendr\u00e1 que comunicarlo inmediatamente a <span class=\"blanc-space ng-binding\">David Oriol. Psic\u00f3logo &#8211; Coach<\/span> a trav\u00e9s de los datos de contacto del apartado de INFORMACI\u00d3N GENERAL de este Aviso Legal y Condiciones Generales de Uso.<\/p><h3>VI. ACCIONES LEGALES, LEGISLACI\u00d3N APLICABLE Y JURISDICCI\u00d3N<\/h3><p><span class=\"blanc-space ng-binding\">David Oriol. Psic\u00f3logo &#8211; Coach<\/span> se reserva la facultad de presentar las acciones civiles o penales que considere necesarias por la utilizaci\u00f3n indebida del Sitio web y Contenidos, o por el incumplimiento de las presentes Condiciones.<\/p><p>La relaci\u00f3n entre el Usuario y <span class=\"blanc-space ng-binding\">David Oriol. Psic\u00f3logo &#8211; Coach<\/span> se regir\u00e1 por la normativa vigente y de aplicaci\u00f3n en el territorio espa\u00f1ol. De surgir cualquier controversia en relaci\u00f3n con la interpretaci\u00f3n y\/o a la aplicaci\u00f3n de estas Condiciones las partes someter\u00e1n sus conflictos a la jurisdicci\u00f3n ordinaria someti\u00e9ndose a los jueces y tribunales que correspondan conforme a derecho.<\/p><\/div><\/div><\/div><\/div>\t\t\t\t\t\t\t\t<\/div>\n\t\t\t\t<\/div>\n\t\t\t\t\t<\/div>\n\t\t\t\t<\/div>\n\t\t\t\t<\/div>\n\t\t","protected":false},"excerpt":{"rendered":"<p>Aviso legal I. INFORMACI\u00d3N GENERAL En cumplimiento con el deber de informaci\u00f3n dispuesto en la Ley 34\/2002 de Servicios de la Sociedad de la Informaci\u00f3n y el E-commerce (LSSI-CE) de 11 de julio, se facilitan a continuaci\u00f3n los siguientes datos de informaci\u00f3n general de este sitio web: La titularidad de este sitio web, https:\/\/www.davidoriol.com\/, (de [&hellip;]<\/p>\n","protected":false},"author":1,"featured_media":0,"parent":0,"menu_order":0,"comment_status":"closed","ping_status":"closed","template":"elementor_header_footer","meta":{"_joinchat":[],"footnotes":""},"class_list":["post-1397","page","type-page","status-publish","hentry"],"yoast_head":"<!-- This site is optimized with the Yoast SEO plugin v26.4 - https:\/\/yoast.com\/wordpress\/plugins\/seo\/ -->\n<title>Aviso legal - David Oriol Psic\u00f2leg<\/title>\n<meta name=\"robots\" content=\"index, follow, max-snippet:-1, max-image-preview:large, max-video-preview:-1\" \/>\n<link rel=\"canonical\" href=\"https:\/\/www.davidoriol.com\/es\/aviso-legal\/\" \/>\n<meta property=\"og:locale\" content=\"es_ES\" \/>\n<meta property=\"og:type\" content=\"article\" \/>\n<meta property=\"og:title\" content=\"Aviso legal - David Oriol Psic\u00f2leg\" \/>\n<meta property=\"og:description\" content=\"Aviso legal I. INFORMACI\u00d3N GENERAL En cumplimiento con el deber de informaci\u00f3n dispuesto en la Ley 34\/2002 de Servicios de la Sociedad de la Informaci\u00f3n y el E-commerce (LSSI-CE) de 11 de julio, se facilitan a continuaci\u00f3n los siguientes datos de informaci\u00f3n general de este sitio web: La titularidad de este sitio web, https:\/\/www.davidoriol.com\/, (de [&hellip;]\" \/>\n<meta property=\"og:url\" content=\"https:\/\/www.davidoriol.com\/es\/aviso-legal\/\" \/>\n<meta property=\"og:site_name\" content=\"David Oriol Psic\u00f2leg\" \/>\n<meta property=\"article:modified_time\" content=\"2025-12-02T09:24:54+00:00\" \/>\n<meta name=\"twitter:card\" content=\"summary_large_image\" \/>\n<meta name=\"twitter:label1\" content=\"Tiempo de lectura\" \/>\n\t<meta name=\"twitter:data1\" content=\"10 minutos\" \/>\n<script type=\"application\/ld+json\" class=\"yoast-schema-graph\">{\"@context\":\"https:\/\/schema.org\",\"@graph\":[{\"@type\":\"WebPage\",\"@id\":\"https:\/\/www.davidoriol.com\/es\/aviso-legal\/\",\"url\":\"https:\/\/www.davidoriol.com\/es\/aviso-legal\/\",\"name\":\"Aviso legal - David Oriol Psic\u00f2leg\",\"isPartOf\":{\"@id\":\"https:\/\/www.davidoriol.com\/es\/#website\"},\"datePublished\":\"2025-03-27T11:59:28+00:00\",\"dateModified\":\"2025-12-02T09:24:54+00:00\",\"breadcrumb\":{\"@id\":\"https:\/\/www.davidoriol.com\/es\/aviso-legal\/#breadcrumb\"},\"inLanguage\":\"es\",\"potentialAction\":[{\"@type\":\"ReadAction\",\"target\":[\"https:\/\/www.davidoriol.com\/es\/aviso-legal\/\"]}]},{\"@type\":\"BreadcrumbList\",\"@id\":\"https:\/\/www.davidoriol.com\/es\/aviso-legal\/#breadcrumb\",\"itemListElement\":[{\"@type\":\"ListItem\",\"position\":1,\"name\":\"Portada\",\"item\":\"https:\/\/www.davidoriol.com\/es\/\"},{\"@type\":\"ListItem\",\"position\":2,\"name\":\"Aviso legal\"}]},{\"@type\":\"WebSite\",\"@id\":\"https:\/\/www.davidoriol.com\/es\/#website\",\"url\":\"https:\/\/www.davidoriol.com\/es\/\",\"name\":\"David Oriol Psic\u00f2leg\",\"description\":\"\",\"potentialAction\":[{\"@type\":\"SearchAction\",\"target\":{\"@type\":\"EntryPoint\",\"urlTemplate\":\"https:\/\/www.davidoriol.com\/es\/?s={search_term_string}\"},\"query-input\":{\"@type\":\"PropertyValueSpecification\",\"valueRequired\":true,\"valueName\":\"search_term_string\"}}],\"inLanguage\":\"es\"}]}<\/script>\n<!-- \/ Yoast SEO plugin. -->","yoast_head_json":{"title":"Aviso legal - David Oriol Psic\u00f2leg","robots":{"index":"index","follow":"follow","max-snippet":"max-snippet:-1","max-image-preview":"max-image-preview:large","max-video-preview":"max-video-preview:-1"},"canonical":"https:\/\/www.davidoriol.com\/es\/aviso-legal\/","og_locale":"es_ES","og_type":"article","og_title":"Aviso legal - David Oriol Psic\u00f2leg","og_description":"Aviso legal I. INFORMACI\u00d3N GENERAL En cumplimiento con el deber de informaci\u00f3n dispuesto en la Ley 34\/2002 de Servicios de la Sociedad de la Informaci\u00f3n y el E-commerce (LSSI-CE) de 11 de julio, se facilitan a continuaci\u00f3n los siguientes datos de informaci\u00f3n general de este sitio web: La titularidad de este sitio web, https:\/\/www.davidoriol.com\/, (de [&hellip;]","og_url":"https:\/\/www.davidoriol.com\/es\/aviso-legal\/","og_site_name":"David Oriol Psic\u00f2leg","article_modified_time":"2025-12-02T09:24:54+00:00","twitter_card":"summary_large_image","twitter_misc":{"Tiempo de lectura":"10 minutos"},"schema":{"@context":"https:\/\/schema.org","@graph":[{"@type":"WebPage","@id":"https:\/\/www.davidoriol.com\/es\/aviso-legal\/","url":"https:\/\/www.davidoriol.com\/es\/aviso-legal\/","name":"Aviso legal - David Oriol Psic\u00f2leg","isPartOf":{"@id":"https:\/\/www.davidoriol.com\/es\/#website"},"datePublished":"2025-03-27T11:59:28+00:00","dateModified":"2025-12-02T09:24:54+00:00","breadcrumb":{"@id":"https:\/\/www.davidoriol.com\/es\/aviso-legal\/#breadcrumb"},"inLanguage":"es","potentialAction":[{"@type":"ReadAction","target":["https:\/\/www.davidoriol.com\/es\/aviso-legal\/"]}]},{"@type":"BreadcrumbList","@id":"https:\/\/www.davidoriol.com\/es\/aviso-legal\/#breadcrumb","itemListElement":[{"@type":"ListItem","position":1,"name":"Portada","item":"https:\/\/www.davidoriol.com\/es\/"},{"@type":"ListItem","position":2,"name":"Aviso legal"}]},{"@type":"WebSite","@id":"https:\/\/www.davidoriol.com\/es\/#website","url":"https:\/\/www.davidoriol.com\/es\/","name":"David Oriol Psic\u00f2leg","description":"","potentialAction":[{"@type":"SearchAction","target":{"@type":"EntryPoint","urlTemplate":"https:\/\/www.davidoriol.com\/es\/?s={search_term_string}"},"query-input":{"@type":"PropertyValueSpecification","valueRequired":true,"valueName":"search_term_string"}}],"inLanguage":"es"}]}},"_links":{"self":[{"href":"https:\/\/www.davidoriol.com\/es\/wp-json\/wp\/v2\/pages\/1397","targetHints":{"allow":["GET"]}}],"collection":[{"href":"https:\/\/www.davidoriol.com\/es\/wp-json\/wp\/v2\/pages"}],"about":[{"href":"https:\/\/www.davidoriol.com\/es\/wp-json\/wp\/v2\/types\/page"}],"author":[{"embeddable":true,"href":"https:\/\/www.davidoriol.com\/es\/wp-json\/wp\/v2\/users\/1"}],"replies":[{"embeddable":true,"href":"https:\/\/www.davidoriol.com\/es\/wp-json\/wp\/v2\/comments?post=1397"}],"version-history":[{"count":7,"href":"https:\/\/www.davidoriol.com\/es\/wp-json\/wp\/v2\/pages\/1397\/revisions"}],"predecessor-version":[{"id":1447,"href":"https:\/\/www.davidoriol.com\/es\/wp-json\/wp\/v2\/pages\/1397\/revisions\/1447"}],"wp:attachment":[{"href":"https:\/\/www.davidoriol.com\/es\/wp-json\/wp\/v2\/media?parent=1397"}],"curies":[{"name":"wp","href":"https:\/\/api.w.org\/{rel}","templated":true}]}}